{"id":1141,"date":"2018-06-07T16:16:49","date_gmt":"2018-06-07T16:16:49","guid":{"rendered":"http:\/\/mobydick.mio.osupytheas.fr\/?page_id=1141"},"modified":"2019-06-28T10:35:42","modified_gmt":"2019-06-28T10:35:42","slug":"la-classe-de-ce1-ce2-de-gouesnou","status":"publish","type":"page","link":"https:\/\/mobydick.mio.osupytheas.fr\/?page_id=1141","title":{"rendered":"La classe de CE1-CE2 de Gouesnou"},"content":{"rendered":"\t\t<div data-elementor-type=\"wp-post\" data-elementor-id=\"1141\" class=\"elementor elementor-1141\">\n\t\t\t\t\t\t<section class=\"elementor-section elementor-top-section elementor-element elementor-element-f1a3ec4 elementor-section-boxed elementor-section-height-default elementor-section-height-default\" data-id=\"f1a3ec4\" data-element_type=\"section\" data-e-type=\"section\">\n\t\t\t\t\t\t<div class=\"elementor-container elementor-column-gap-default\">\n\t\t\t\t\t<div class=\"elementor-column elementor-col-100 elementor-top-column elementor-element elementor-element-ef8d386\" data-id=\"ef8d386\" data-element_type=\"column\" data-e-type=\"column\">\n\t\t\t<div class=\"elementor-widget-wrap elementor-element-populated\">\n\t\t\t\t\t\t<div class=\"elementor-element elementor-element-bcadb85 elementor-widget elementor-widget-text-editor\" data-id=\"bcadb85\" data-element_type=\"widget\" data-e-type=\"widget\" data-widget_type=\"text-editor.default\">\n\t\t\t\t<div class=\"elementor-widget-container\">\n\t\t\t\t\t\t\t\t\t<h2 class=\"single-post-title entry-title\">La classe de CE1-CE2 de l\u2019Ecole du Ch\u00e2teau-d\u2019Eau de Gouesnou a suivi les aventures de Stuart Riboul pendant la mission MOBYDICK\u2026<\/h2>\t\t\t\t\t\t\t\t<\/div>\n\t\t\t\t<\/div>\n\t\t\t\t\t<\/div>\n\t\t<\/div>\n\t\t\t\t\t<\/div>\n\t\t<\/section>\n\t\t\t\t<section class=\"elementor-section elementor-top-section elementor-element elementor-element-9905293 elementor-section-boxed elementor-section-height-default elementor-section-height-default\" data-id=\"9905293\" data-element_type=\"section\" data-e-type=\"section\">\n\t\t\t\t\t\t<div class=\"elementor-container elementor-column-gap-default\">\n\t\t\t\t\t<div class=\"elementor-column elementor-col-100 elementor-top-column elementor-element elementor-element-ec81f2b\" data-id=\"ec81f2b\" data-element_type=\"column\" data-e-type=\"column\">\n\t\t\t<div class=\"elementor-widget-wrap elementor-element-populated\">\n\t\t\t\t\t\t<div class=\"elementor-element elementor-element-5c2f8b7 elementor-widget elementor-widget-image\" data-id=\"5c2f8b7\" data-element_type=\"widget\" data-e-type=\"widget\" data-widget_type=\"image.default\">\n\t\t\t\t<div class=\"elementor-widget-container\">\n\t\t\t\t\t\t\t\t\t\t\t\t<figure class=\"wp-caption\">\n\t\t\t\t\t\t\t\t\t\t\t<a href=\"http:\/\/www.gouesnou.bzh\/medias\/2018\/04\/Gouesnou-Le-Mag-Avril-2018.pdf\">\n\t\t\t\t\t\t\t<img fetchpriority=\"high\" decoding=\"async\" data-attachment-id=\"1097\" data-permalink=\"https:\/\/mobydick.mio.osupytheas.fr\/?attachment_id=1097\" data-orig-file=\"https:\/\/i0.wp.com\/mobydick.mio.osupytheas.fr\/wp-content\/uploads\/2018\/06\/Stuart-Riboul_Gouesnou-Le-Mag-Avril-2018-1.jpg?fit=3388%2C1802&amp;ssl=1\" data-orig-size=\"3388,1802\" data-comments-opened=\"1\" data-image-meta=\"{&quot;aperture&quot;:&quot;0&quot;,&quot;credit&quot;:&quot;&quot;,&quot;camera&quot;:&quot;&quot;,&quot;caption&quot;:&quot;&quot;,&quot;created_timestamp&quot;:&quot;0&quot;,&quot;copyright&quot;:&quot;&quot;,&quot;focal_length&quot;:&quot;0&quot;,&quot;iso&quot;:&quot;0&quot;,&quot;shutter_speed&quot;:&quot;0&quot;,&quot;title&quot;:&quot;&quot;,&quot;orientation&quot;:&quot;0&quot;}\" data-image-title=\"Stuart Riboul_Gouesnou-Le-Mag-Avril-2018\" data-image-description=\"\" data-image-caption=\"\" data-large-file=\"https:\/\/i0.wp.com\/mobydick.mio.osupytheas.fr\/wp-content\/uploads\/2018\/06\/Stuart-Riboul_Gouesnou-Le-Mag-Avril-2018-1.jpg?fit=1024%2C545&amp;ssl=1\" width=\"1024\" height=\"545\" src=\"https:\/\/i0.wp.com\/mobydick.mio.osupytheas.fr\/wp-content\/uploads\/2018\/06\/Stuart-Riboul_Gouesnou-Le-Mag-Avril-2018-1.jpg?fit=1024%2C545&amp;ssl=1\" class=\"attachment-large size-large wp-image-1097\" alt=\"\" srcset=\"https:\/\/i0.wp.com\/mobydick.mio.osupytheas.fr\/wp-content\/uploads\/2018\/06\/Stuart-Riboul_Gouesnou-Le-Mag-Avril-2018-1.jpg?w=3388&amp;ssl=1 3388w, https:\/\/i0.wp.com\/mobydick.mio.osupytheas.fr\/wp-content\/uploads\/2018\/06\/Stuart-Riboul_Gouesnou-Le-Mag-Avril-2018-1.jpg?resize=300%2C160&amp;ssl=1 300w, https:\/\/i0.wp.com\/mobydick.mio.osupytheas.fr\/wp-content\/uploads\/2018\/06\/Stuart-Riboul_Gouesnou-Le-Mag-Avril-2018-1.jpg?resize=768%2C408&amp;ssl=1 768w, https:\/\/i0.wp.com\/mobydick.mio.osupytheas.fr\/wp-content\/uploads\/2018\/06\/Stuart-Riboul_Gouesnou-Le-Mag-Avril-2018-1.jpg?resize=1024%2C545&amp;ssl=1 1024w, https:\/\/i0.wp.com\/mobydick.mio.osupytheas.fr\/wp-content\/uploads\/2018\/06\/Stuart-Riboul_Gouesnou-Le-Mag-Avril-2018-1.jpg?w=2400 2400w\" sizes=\"(max-width: 1024px) 100vw, 1024px\" data-attachment-id=\"1097\" data-permalink=\"https:\/\/mobydick.mio.osupytheas.fr\/?attachment_id=1097\" data-orig-file=\"https:\/\/i0.wp.com\/mobydick.mio.osupytheas.fr\/wp-content\/uploads\/2018\/06\/Stuart-Riboul_Gouesnou-Le-Mag-Avril-2018-1.jpg?fit=3388%2C1802&amp;ssl=1\" data-orig-size=\"3388,1802\" data-comments-opened=\"1\" data-image-meta=\"{&quot;aperture&quot;:&quot;0&quot;,&quot;credit&quot;:&quot;&quot;,&quot;camera&quot;:&quot;&quot;,&quot;caption&quot;:&quot;&quot;,&quot;created_timestamp&quot;:&quot;0&quot;,&quot;copyright&quot;:&quot;&quot;,&quot;focal_length&quot;:&quot;0&quot;,&quot;iso&quot;:&quot;0&quot;,&quot;shutter_speed&quot;:&quot;0&quot;,&quot;title&quot;:&quot;&quot;,&quot;orientation&quot;:&quot;0&quot;}\" data-image-title=\"Stuart Riboul_Gouesnou-Le-Mag-Avril-2018\" data-image-description=\"\" data-image-caption=\"\" data-large-file=\"https:\/\/i0.wp.com\/mobydick.mio.osupytheas.fr\/wp-content\/uploads\/2018\/06\/Stuart-Riboul_Gouesnou-Le-Mag-Avril-2018-1.jpg?fit=1024%2C545&amp;ssl=1\" \/>\t\t\t\t\t\t\t\t<\/a>\n\t\t\t\t\t\t\t\t\t\t\t<figcaption class=\"widget-image-caption wp-caption-text\">\u00a9 Bulletin municipal trimestriel de la Ville de Gouesnou \u2013 N\u00b0 34 \u2013 Gouesnou avril 2018<\/figcaption>\n\t\t\t\t\t\t\t\t\t\t<\/figure>\n\t\t\t\t\t\t\t\t\t<\/div>\n\t\t\t\t<\/div>\n\t\t\t\t\t<\/div>\n\t\t<\/div>\n\t\t\t\t\t<\/div>\n\t\t<\/section>\n\t\t\t\t<section class=\"elementor-section elementor-top-section elementor-element elementor-element-126f46b elementor-section-boxed elementor-section-height-default elementor-section-height-default\" data-id=\"126f46b\" data-element_type=\"section\" data-e-type=\"section\">\n\t\t\t\t\t\t<div class=\"elementor-container elementor-column-gap-default\">\n\t\t\t\t\t<div class=\"elementor-column elementor-col-100 elementor-top-column elementor-element elementor-element-07369c5\" data-id=\"07369c5\" data-element_type=\"column\" data-e-type=\"column\">\n\t\t\t<div class=\"elementor-widget-wrap elementor-element-populated\">\n\t\t\t\t\t\t<div class=\"elementor-element elementor-element-3b0abbb elementor-widget elementor-widget-text-editor\" data-id=\"3b0abbb\" data-element_type=\"widget\" data-e-type=\"widget\" data-widget_type=\"text-editor.default\">\n\t\t\t\t<div class=\"elementor-widget-container\">\n\t\t\t\t\t\t\t\t\t<h2 class=\"single-post-title entry-title\">\u2026 et a pr\u00e9sent\u00e9 ses aventures \u00e0 Oc\u00e9anopolis\u2026<\/h2>\t\t\t\t\t\t\t\t<\/div>\n\t\t\t\t<\/div>\n\t\t\t\t\t<\/div>\n\t\t<\/div>\n\t\t\t\t\t<\/div>\n\t\t<\/section>\n\t\t\t\t<section class=\"elementor-section elementor-top-section elementor-element elementor-element-68753ce elementor-section-boxed elementor-section-height-default elementor-section-height-default\" data-id=\"68753ce\" data-element_type=\"section\" data-e-type=\"section\">\n\t\t\t\t\t\t<div class=\"elementor-container elementor-column-gap-default\">\n\t\t\t\t\t<div class=\"elementor-column elementor-col-100 elementor-top-column elementor-element elementor-element-810c890\" data-id=\"810c890\" data-element_type=\"column\" data-e-type=\"column\">\n\t\t\t<div class=\"elementor-widget-wrap elementor-element-populated\">\n\t\t\t\t\t\t<div class=\"elementor-element elementor-element-4c86253 elementor-arrows-position-inside elementor-pagination-position-outside elementor-widget elementor-widget-image-carousel\" data-id=\"4c86253\" data-element_type=\"widget\" data-e-type=\"widget\" data-settings=\"{&quot;slides_to_show&quot;:&quot;1&quot;,&quot;navigation&quot;:&quot;both&quot;,&quot;autoplay&quot;:&quot;yes&quot;,&quot;pause_on_hover&quot;:&quot;yes&quot;,&quot;pause_on_interaction&quot;:&quot;yes&quot;,&quot;autoplay_speed&quot;:5000,&quot;infinite&quot;:&quot;yes&quot;,&quot;effect&quot;:&quot;slide&quot;,&quot;speed&quot;:500}\" data-widget_type=\"image-carousel.default\">\n\t\t\t\t<div class=\"elementor-widget-container\">\n\t\t\t\t\t\t\t<div class=\"elementor-image-carousel-wrapper swiper\" role=\"region\" aria-roledescription=\"carousel\" aria-label=\"Carrousel d\u2019images\" dir=\"ltr\">\n\t\t\t<div class=\"elementor-image-carousel swiper-wrapper\" aria-live=\"off\">\n\t\t\t\t\t\t\t\t<div class=\"swiper-slide\" role=\"group\" aria-roledescription=\"slide\" aria-label=\"1 sur 18\"><figure class=\"swiper-slide-inner\"><img decoding=\"async\" class=\"swiper-slide-image\" src=\"https:\/\/i0.wp.com\/mobydick.mio.osupytheas.fr\/wp-content\/uploads\/2018\/06\/Stuart-Riboul-Adopt-a-float_MOBYDICK-1_Page_01.jpg?fit=2205%2C1654&amp;ssl=1\" alt=\"Stuart Riboul - Adopt a float_MOBYDICK-1_Page_01\" \/><\/figure><\/div><div class=\"swiper-slide\" role=\"group\" aria-roledescription=\"slide\" aria-label=\"2 sur 18\"><figure class=\"swiper-slide-inner\"><img decoding=\"async\" class=\"swiper-slide-image\" src=\"https:\/\/i0.wp.com\/mobydick.mio.osupytheas.fr\/wp-content\/uploads\/2018\/06\/Stuart-Riboul-Adopt-a-float_MOBYDICK-1_Page_02.jpg?fit=2205%2C1654&amp;ssl=1\" alt=\"Stuart Riboul - Adopt a float_MOBYDICK-1_Page_02\" \/><\/figure><\/div><div class=\"swiper-slide\" role=\"group\" aria-roledescription=\"slide\" aria-label=\"3 sur 18\"><figure class=\"swiper-slide-inner\"><img decoding=\"async\" class=\"swiper-slide-image\" src=\"https:\/\/i0.wp.com\/mobydick.mio.osupytheas.fr\/wp-content\/uploads\/2018\/06\/Stuart-Riboul-Adopt-a-float_MOBYDICK-1_Page_03.jpg?fit=2205%2C1654&amp;ssl=1\" alt=\"Stuart Riboul - Adopt a float_MOBYDICK-1_Page_03\" \/><\/figure><\/div><div class=\"swiper-slide\" role=\"group\" aria-roledescription=\"slide\" aria-label=\"4 sur 18\"><figure class=\"swiper-slide-inner\"><img decoding=\"async\" class=\"swiper-slide-image\" src=\"https:\/\/i0.wp.com\/mobydick.mio.osupytheas.fr\/wp-content\/uploads\/2018\/06\/Stuart-Riboul-Adopt-a-float_MOBYDICK-1_Page_04.jpg?fit=2205%2C1654&amp;ssl=1\" alt=\"Stuart Riboul - Adopt a float_MOBYDICK-1_Page_04\" \/><\/figure><\/div><div class=\"swiper-slide\" role=\"group\" aria-roledescription=\"slide\" aria-label=\"5 sur 18\"><figure class=\"swiper-slide-inner\"><img decoding=\"async\" class=\"swiper-slide-image\" src=\"https:\/\/i0.wp.com\/mobydick.mio.osupytheas.fr\/wp-content\/uploads\/2018\/06\/Stuart-Riboul-Adopt-a-float_MOBYDICK-1_Page_05.jpg?fit=2205%2C1654&amp;ssl=1\" alt=\"Stuart Riboul - Adopt a float_MOBYDICK-1_Page_05\" \/><\/figure><\/div><div class=\"swiper-slide\" role=\"group\" aria-roledescription=\"slide\" aria-label=\"6 sur 18\"><figure class=\"swiper-slide-inner\"><img decoding=\"async\" class=\"swiper-slide-image\" src=\"https:\/\/i0.wp.com\/mobydick.mio.osupytheas.fr\/wp-content\/uploads\/2018\/06\/Stuart-Riboul-Adopt-a-float_MOBYDICK-1_Page_06.jpg?fit=2205%2C1654&amp;ssl=1\" alt=\"Stuart Riboul - Adopt a float_MOBYDICK-1_Page_06\" \/><\/figure><\/div><div class=\"swiper-slide\" role=\"group\" aria-roledescription=\"slide\" aria-label=\"7 sur 18\"><figure class=\"swiper-slide-inner\"><img decoding=\"async\" class=\"swiper-slide-image\" src=\"https:\/\/i0.wp.com\/mobydick.mio.osupytheas.fr\/wp-content\/uploads\/2018\/06\/Stuart-Riboul-Adopt-a-float_MOBYDICK-1_Page_07.jpg?fit=2205%2C1654&amp;ssl=1\" alt=\"Stuart Riboul - Adopt a float_MOBYDICK-1_Page_07\" \/><\/figure><\/div><div class=\"swiper-slide\" role=\"group\" aria-roledescription=\"slide\" aria-label=\"8 sur 18\"><figure class=\"swiper-slide-inner\"><img decoding=\"async\" class=\"swiper-slide-image\" src=\"https:\/\/i0.wp.com\/mobydick.mio.osupytheas.fr\/wp-content\/uploads\/2018\/06\/Stuart-Riboul-Adopt-a-float_MOBYDICK-1_Page_08.jpg?fit=2205%2C1654&amp;ssl=1\" alt=\"Stuart Riboul - Adopt a float_MOBYDICK-1_Page_08\" \/><\/figure><\/div><div class=\"swiper-slide\" role=\"group\" aria-roledescription=\"slide\" aria-label=\"9 sur 18\"><figure class=\"swiper-slide-inner\"><img decoding=\"async\" class=\"swiper-slide-image\" src=\"https:\/\/i0.wp.com\/mobydick.mio.osupytheas.fr\/wp-content\/uploads\/2018\/06\/Stuart-Riboul-Adopt-a-float_MOBYDICK-1_Page_09.jpg?fit=2205%2C1654&amp;ssl=1\" alt=\"Stuart Riboul - Adopt a float_MOBYDICK-1_Page_09\" \/><\/figure><\/div><div class=\"swiper-slide\" role=\"group\" aria-roledescription=\"slide\" aria-label=\"10 sur 18\"><figure class=\"swiper-slide-inner\"><img decoding=\"async\" class=\"swiper-slide-image\" src=\"https:\/\/i0.wp.com\/mobydick.mio.osupytheas.fr\/wp-content\/uploads\/2018\/06\/Stuart-Riboul-Adopt-a-float_MOBYDICK-1_Page_10.jpg?fit=2205%2C1654&amp;ssl=1\" alt=\"Stuart Riboul - Adopt a float_MOBYDICK-1_Page_10\" \/><\/figure><\/div><div class=\"swiper-slide\" role=\"group\" aria-roledescription=\"slide\" aria-label=\"11 sur 18\"><figure class=\"swiper-slide-inner\"><img decoding=\"async\" class=\"swiper-slide-image\" src=\"https:\/\/i0.wp.com\/mobydick.mio.osupytheas.fr\/wp-content\/uploads\/2018\/06\/Stuart-Riboul-Adopt-a-float_MOBYDICK-1_Page_11.jpg?fit=2205%2C1654&amp;ssl=1\" alt=\"Stuart Riboul - Adopt a float_MOBYDICK-1_Page_11\" \/><\/figure><\/div><div class=\"swiper-slide\" role=\"group\" aria-roledescription=\"slide\" aria-label=\"12 sur 18\"><figure class=\"swiper-slide-inner\"><img decoding=\"async\" class=\"swiper-slide-image\" src=\"https:\/\/i0.wp.com\/mobydick.mio.osupytheas.fr\/wp-content\/uploads\/2018\/06\/Stuart-Riboul-Adopt-a-float_MOBYDICK-1_Page_12.jpg?fit=2205%2C1654&amp;ssl=1\" alt=\"Stuart Riboul - Adopt a float_MOBYDICK-1_Page_12\" \/><\/figure><\/div><div class=\"swiper-slide\" role=\"group\" aria-roledescription=\"slide\" aria-label=\"13 sur 18\"><figure class=\"swiper-slide-inner\"><img decoding=\"async\" class=\"swiper-slide-image\" src=\"https:\/\/i0.wp.com\/mobydick.mio.osupytheas.fr\/wp-content\/uploads\/2018\/06\/Stuart-Riboul-Adopt-a-float_MOBYDICK-1_Page_13.jpg?fit=2205%2C1654&amp;ssl=1\" alt=\"Stuart Riboul - Adopt a float_MOBYDICK-1_Page_13\" \/><\/figure><\/div><div class=\"swiper-slide\" role=\"group\" aria-roledescription=\"slide\" aria-label=\"14 sur 18\"><figure class=\"swiper-slide-inner\"><img decoding=\"async\" class=\"swiper-slide-image\" src=\"https:\/\/i0.wp.com\/mobydick.mio.osupytheas.fr\/wp-content\/uploads\/2018\/06\/Stuart-Riboul-Adopt-a-float_MOBYDICK-1_Page_14.jpg?fit=2205%2C1654&amp;ssl=1\" alt=\"Stuart Riboul - Adopt a float_MOBYDICK-1_Page_14\" \/><\/figure><\/div><div class=\"swiper-slide\" role=\"group\" aria-roledescription=\"slide\" aria-label=\"15 sur 18\"><figure class=\"swiper-slide-inner\"><img decoding=\"async\" class=\"swiper-slide-image\" src=\"https:\/\/i0.wp.com\/mobydick.mio.osupytheas.fr\/wp-content\/uploads\/2018\/06\/Stuart-Riboul-Adopt-a-float_MOBYDICK-1_Page_15.jpg?fit=2205%2C1654&amp;ssl=1\" alt=\"Stuart Riboul - Adopt a float_MOBYDICK-1_Page_15\" \/><\/figure><\/div><div class=\"swiper-slide\" role=\"group\" aria-roledescription=\"slide\" aria-label=\"16 sur 18\"><figure class=\"swiper-slide-inner\"><img decoding=\"async\" class=\"swiper-slide-image\" src=\"https:\/\/i0.wp.com\/mobydick.mio.osupytheas.fr\/wp-content\/uploads\/2018\/06\/Stuart-Riboul-Adopt-a-float_MOBYDICK-1_Page_16.jpg?fit=2205%2C1654&amp;ssl=1\" alt=\"Stuart Riboul - Adopt a float_MOBYDICK-1_Page_16\" \/><\/figure><\/div><div class=\"swiper-slide\" role=\"group\" aria-roledescription=\"slide\" aria-label=\"17 sur 18\"><figure class=\"swiper-slide-inner\"><img decoding=\"async\" class=\"swiper-slide-image\" src=\"https:\/\/i0.wp.com\/mobydick.mio.osupytheas.fr\/wp-content\/uploads\/2018\/06\/Stuart-Riboul-Adopt-a-float_MOBYDICK-1_Page_17.jpg?fit=2205%2C1654&amp;ssl=1\" alt=\"Stuart Riboul - Adopt a float_MOBYDICK-1_Page_17\" \/><\/figure><\/div><div class=\"swiper-slide\" role=\"group\" aria-roledescription=\"slide\" aria-label=\"18 sur 18\"><figure class=\"swiper-slide-inner\"><img decoding=\"async\" class=\"swiper-slide-image\" src=\"https:\/\/i0.wp.com\/mobydick.mio.osupytheas.fr\/wp-content\/uploads\/2018\/06\/Stuart-Riboul-Adopt-a-float_MOBYDICK-1_Page_18.jpg?fit=2205%2C1654&amp;ssl=1\" alt=\"Stuart Riboul - Adopt a float_MOBYDICK-1_Page_18\" \/><\/figure><\/div>\t\t\t<\/div>\n\t\t\t\t\t\t\t\t\t\t\t\t<div class=\"elementor-swiper-button elementor-swiper-button-prev\" role=\"button\" tabindex=\"0\">\n\t\t\t\t\t\t<i aria-hidden=\"true\" class=\"eicon-chevron-left\"><\/i>\t\t\t\t\t<\/div>\n\t\t\t\t\t<div class=\"elementor-swiper-button elementor-swiper-button-next\" role=\"button\" tabindex=\"0\">\n\t\t\t\t\t\t<i aria-hidden=\"true\" class=\"eicon-chevron-right\"><\/i>\t\t\t\t\t<\/div>\n\t\t\t\t\n\t\t\t\t\t\t\t\t\t<div class=\"swiper-pagination\"><\/div>\n\t\t\t\t\t\t\t\t\t<\/div>\n\t\t\t\t\t\t<\/div>\n\t\t\t\t<\/div>\n\t\t\t\t\t<\/div>\n\t\t<\/div>\n\t\t\t\t\t<\/div>\n\t\t<\/section>\n\t\t\t\t<\/div>\n\t\t","protected":false},"excerpt":{"rendered":"<p>La classe de CE1-CE2 de l\u2019Ecole du Ch\u00e2teau-d\u2019Eau de Gouesnou a suivi les aventures de Stuart Riboul pendant la mission MOBYDICK\u2026 \u00a9 Bulletin municipal trimestriel de la Ville de Gouesnou \u2013 N\u00b0 34 \u2013 Gouesnou avril 2018 \u2026 et a pr\u00e9sent\u00e9 ses aventures \u00e0 Oc\u00e9anopolis\u2026<\/p>\n","protected":false},"author":2,"featured_media":0,"parent":0,"menu_order":0,"comment_status":"closed","ping_status":"closed","template":"","meta":{"ocean_post_layout":"","ocean_both_sidebars_style":"","ocean_both_sidebars_content_width":0,"ocean_both_sidebars_sidebars_width":0,"ocean_sidebar":"0","ocean_second_sidebar":"0","ocean_disable_margins":"enable","ocean_add_body_class":"","ocean_shortcode_before_top_bar":"","ocean_shortcode_after_top_bar":"","ocean_shortcode_before_header":"","ocean_shortcode_after_header":"","ocean_has_shortcode":"","ocean_shortcode_after_title":"","ocean_shortcode_before_footer_widgets":"","ocean_shortcode_after_footer_widgets":"","ocean_shortcode_before_footer_bottom":"","ocean_shortcode_after_footer_bottom":"","ocean_display_top_bar":"default","ocean_display_header":"default","ocean_header_style":"","ocean_center_header_left_menu":"0","ocean_custom_header_template":"0","ocean_custom_logo":0,"ocean_custom_retina_logo":0,"ocean_custom_logo_max_width":0,"ocean_custom_logo_tablet_max_width":0,"ocean_custom_logo_mobile_max_width":0,"ocean_custom_logo_max_height":0,"ocean_custom_logo_tablet_max_height":0,"ocean_custom_logo_mobile_max_height":0,"ocean_header_custom_menu":"0","ocean_menu_typo_font_family":"0","ocean_menu_typo_font_subset":"","ocean_menu_typo_font_size":0,"ocean_menu_typo_font_size_tablet":0,"ocean_menu_typo_font_size_mobile":0,"ocean_menu_typo_font_size_unit":"px","ocean_menu_typo_font_weight":"","ocean_menu_typo_font_weight_tablet":"","ocean_menu_typo_font_weight_mobile":"","ocean_menu_typo_transform":"","ocean_menu_typo_transform_tablet":"","ocean_menu_typo_transform_mobile":"","ocean_menu_typo_line_height":0,"ocean_menu_typo_line_height_tablet":0,"ocean_menu_typo_line_height_mobile":0,"ocean_menu_typo_line_height_unit":"","ocean_menu_typo_spacing":0,"ocean_menu_typo_spacing_tablet":0,"ocean_menu_typo_spacing_mobile":0,"ocean_menu_typo_spacing_unit":"","ocean_menu_link_color":"","ocean_menu_link_color_hover":"","ocean_menu_link_color_active":"","ocean_menu_link_background":"","ocean_menu_link_hover_background":"","ocean_menu_link_active_background":"","ocean_menu_social_links_bg":"","ocean_menu_social_hover_links_bg":"","ocean_menu_social_links_color":"","ocean_menu_social_hover_links_color":"","ocean_disable_title":"default","ocean_disable_heading":"default","ocean_post_title":"","ocean_post_subheading":"","ocean_post_title_style":"","ocean_post_title_background_color":"","ocean_post_title_background":0,"ocean_post_title_bg_image_position":"","ocean_post_title_bg_image_attachment":"","ocean_post_title_bg_image_repeat":"","ocean_post_title_bg_image_size":"","ocean_post_title_height":0,"ocean_post_title_bg_overlay":0.5,"ocean_post_title_bg_overlay_color":"","ocean_disable_breadcrumbs":"default","ocean_breadcrumbs_color":"","ocean_breadcrumbs_separator_color":"","ocean_breadcrumbs_links_color":"","ocean_breadcrumbs_links_hover_color":"","ocean_display_footer_widgets":"default","ocean_display_footer_bottom":"default","ocean_custom_footer_template":"0","jetpack_post_was_ever_published":false,"footnotes":""},"class_list":["post-1141","page","type-page","status-publish","hentry","entry"],"jetpack_sharing_enabled":true,"jetpack_shortlink":"https:\/\/wp.me\/P9ESat-ip","jetpack_likes_enabled":true,"jetpack-related-posts":[],"_links":{"self":[{"href":"https:\/\/mobydick.mio.osupytheas.fr\/index.php?rest_route=\/wp\/v2\/pages\/1141","targetHints":{"allow":["GET"]}}],"collection":[{"href":"https:\/\/mobydick.mio.osupytheas.fr\/index.php?rest_route=\/wp\/v2\/pages"}],"about":[{"href":"https:\/\/mobydick.mio.osupytheas.fr\/index.php?rest_route=\/wp\/v2\/types\/page"}],"author":[{"embeddable":true,"href":"https:\/\/mobydick.mio.osupytheas.fr\/index.php?rest_route=\/wp\/v2\/users\/2"}],"replies":[{"embeddable":true,"href":"https:\/\/mobydick.mio.osupytheas.fr\/index.php?rest_route=%2Fwp%2Fv2%2Fcomments&post=1141"}],"version-history":[{"count":5,"href":"https:\/\/mobydick.mio.osupytheas.fr\/index.php?rest_route=\/wp\/v2\/pages\/1141\/revisions"}],"predecessor-version":[{"id":1506,"href":"https:\/\/mobydick.mio.osupytheas.fr\/index.php?rest_route=\/wp\/v2\/pages\/1141\/revisions\/1506"}],"wp:attachment":[{"href":"https:\/\/mobydick.mio.osupytheas.fr\/index.php?rest_route=%2Fwp%2Fv2%2Fmedia&parent=1141"}],"curies":[{"name":"wp","href":"https:\/\/api.w.org\/{rel}","templated":true}]}}